{"id":2108,"date":"2024-12-05T12:38:25","date_gmt":"2024-12-05T11:38:25","guid":{"rendered":"https:\/\/eventsplanner-ea.cat\/?page_id=2108"},"modified":"2024-12-05T12:50:04","modified_gmt":"2024-12-05T11:50:04","slug":"politica-de-privacitat","status":"publish","type":"page","link":"https:\/\/eventsplanner-ea.cat\/ca\/politica-de-privacitat\/","title":{"rendered":"POL\u00cdTICA DE PRIVACITAT"},"content":{"rendered":"<style>.elementor-2108 .elementor-element.elementor-element-5fe63b6{--display:flex;--flex-direction:column;--container-widget-width:100%;--container-widget-height:initial;--container-widget-flex-grow:0;--container-widget-align-self:initial;--flex-wrap-mobile:wrap;}<\/style>\t\t<div data-elementor-type=\"wp-page\" data-elementor-id=\"2108\" class=\"elementor elementor-2108\">\n\t\t\t\t<div class=\"elementor-element elementor-element-5fe63b6 e-flex e-con-boxed e-con e-parent\" data-id=\"5fe63b6\" data-element_type=\"container\">\n\t\t\t\t\t<div class=\"e-con-inner\">\n\t\t\t\t<div class=\"elementor-element elementor-element-4259a1f elementor-widget elementor-widget-text-editor\" data-id=\"4259a1f\" data-element_type=\"widget\" data-widget_type=\"text-editor.default\">\n\t\t\t\t<div class=\"elementor-widget-container\">\n\t\t\t\t\t\t\t\t\t<p><\/p>\n<p><strong>POL\u00cdTICA DE PRIVACITAT I PROTECCI\u00d3 DE DADES<\/strong><\/p>\n<p>El Reglament General de protecci\u00f3 de dades de la UE 2016\/679 (RGPD) indica que les organitzacions que recapten i\/o realitzen activitats de tractament de dades personals, hauran d\u2019implementar les mesures t\u00e8cniques i organitzatives necess\u00e0ries per tal de garantir la protecci\u00f3 dels mateixos, la privacitat i els drets i llibertats de les persones titulars de les dades personals. L\u2019entitat <strong>EVENTS PLANNER by ANSCARI<\/strong> (en endavant, <strong>EVENTS PLANNER<\/strong>) amb NIF <strong>77916349P<\/strong> i domicili social a <strong>Cam\u00ed de la Teuleria 11, 4-3, Olot<\/strong>, tel\u00e8fon <strong>611 50 20 20<\/strong>, email <strong><a href=\"mailto:info@eventsplanner-ea.cat\">info@eventsplanner-ea.cat<\/a><\/strong>, l\u2019informa que tractem les dades personals que ens facilita amb les finalitats indicades m\u00e9s avall. Les dades proporcionades es conservaran mentre es mantingui la relaci\u00f3 comercial o durant els anys necessaris per complir amb les obligacions legals. Les dades no se cediran a tercers excepte en els casos en qu\u00e8 hi hagi una obligaci\u00f3 legal. Vost\u00e8 t\u00e9 dret a obtenir confirmaci\u00f3 sobre si en la nostra entitat estem tractant les seves dades personals per tant t\u00e9 dret a accedir a les seves dades personals, rectificar les dades inexactes o sol\u00b7licitar la seva supressi\u00f3 quan les dades ja no siguin necess\u00e0ries.<\/p>\n<p><strong>INFORMACI\u00d3 I TERMINOLOGIES<\/strong><\/p>\n<p>1.- <strong>INFORMACI\u00d3 GENERAL<\/strong><\/p>\n<p>Aquesta \u201cpol\u00edtica de Privacitat i Protecci\u00f3 de Dades\u201d t\u00e9 com a finalitat donar a con\u00e8ixer les condicions que regeixen la recollida i tractament de les seves dades personals per part de la nostra entitat o grup corporatiu per vetllar pels drets fonamentals, el seu honor i llibertats, tot aix\u00f2 en compliment de les normatives vigents que regulen la protecci\u00f3 de dades personals segons la Uni\u00f3 Europea i l\u2019Estat Membre espanyol. En conformitat amb aquestes normatives, necessitem disposar de la seva autoritzaci\u00f3 i consentiment per a la recollida i el tractament de les seves dades personals, de manera que a continuaci\u00f3, us expliquem tots els detalls del seu inter\u00e8s respecte a&#8230;<\/p>\n<p>Mitjan\u00e7ant comunicaci\u00f3 escrita i fotoc\u00f2pia del DNI, indicant la refer\u00e8ncia RGPD adre\u00e7ada a:<\/p>\n<ul>\n<li>Responsable: <strong>EVENTS PLANNER by ANSCARI<\/strong><\/li>\n<li>Direcci\u00f3: <strong>Cam\u00ed de la Teuleria 11, 4-3, Olot<\/strong><\/li>\n<li>Tel\u00e8fon: <strong>611 50 20 20<\/strong><\/li>\n<li>Email: <strong><a href=\"mailto:info@eventsplanner-ea.cat\">info@eventsplanner-ea.cat<\/a><\/strong><\/li>\n<\/ul>\n<p>2.- <strong>FINALITATS DEL TRACTAMENT<\/strong><\/p>\n<p>Les finalitats per les quals es recapten i tracten les seves dades personals s\u00f3n les seg\u00fcents:<\/p>\n<ol>\n<li><strong>Gesti\u00f3 de la relaci\u00f3 comercial:<\/strong> Inclou totes les activitats necess\u00e0ries per mantenir i gestionar la relaci\u00f3 comercial amb els nostres clients, incloent la facturaci\u00f3, l&#8217;enviament de productes, l&#8217;atenci\u00f3 al client, etc.<\/li>\n<li><strong>Enviament de comunicacions comercials:<\/strong> Podem utilitzar les seves dades per enviar-li informaci\u00f3 sobre els nostres productes i serveis, ofertes, promocions i altres comunicacions comercials que puguin ser del seu inter\u00e8s.<\/li>\n<li><strong>Gesti\u00f3 de la seguretat:<\/strong> Inclou les activitats necess\u00e0ries per garantir la seguretat de les nostres instal\u00b7lacions, sistemes i informaci\u00f3, aix\u00ed com la dels nostres clients i empleats.<\/li>\n<li><strong>Compliment d&#8217;obligacions legals:<\/strong> Inclou totes les activitats necess\u00e0ries per complir amb les obligacions legals que ens s\u00f3n aplicables, incloent les obligacions fiscals, laborals, de protecci\u00f3 de dades, etc.<\/li>\n<\/ol>\n<p>3.- <strong>LEGITIMACI\u00d3 DEL TRACTAMENT<\/strong><\/p>\n<p>La base legal per al tractament de les seves dades \u00e9s el consentiment que vost\u00e8 ens ha proporcionat, aix\u00ed com la necessitat del tractament per a l&#8217;execuci\u00f3 d&#8217;un contracte en el qual vost\u00e8 \u00e9s part o per a l&#8217;aplicaci\u00f3 a petici\u00f3 seva de mesures precontractuals. Tamb\u00e9 podem tractar les seves dades quan sigui necessari per al compliment d&#8217;una obligaci\u00f3 legal que ens sigui aplicable o per a la satisfacci\u00f3 d&#8217;interessos leg\u00edtims perseguits per nosaltres o per un tercer, sempre que sobre aquests interessos no prevalguin els seus drets i llibertats fonamentals.<\/p>\n<p>4.- <strong>DRETS DELS USUARIS<\/strong><\/p>\n<p>Vost\u00e8 t\u00e9 dret a obtenir confirmaci\u00f3 sobre si estem tractant dades personals que el concerneixen o no. Com a interessat, t\u00e9 dret a accedir a les seves dades personals, aix\u00ed com a sol\u00b7licitar la rectificaci\u00f3 de les dades inexactes o, si escau, sol\u00b7licitar la seva supressi\u00f3 quan, entre altres motius, les dades ja no siguin necess\u00e0ries per als fins per als quals van ser recollides.<\/p>\n<p>En determinades circumst\u00e0ncies, els interessats podran sol\u00b7licitar la limitaci\u00f3 del tractament de les seves dades, en aquest cas \u00fanicament les conservarem per a l&#8217;exercici o la defensa de reclamacions. En determinades circumst\u00e0ncies i per motius relacionats amb la seva situaci\u00f3 particular, els interessats podran oposar-se al tractament de les seves dades. En aquest cas, deixarem de tractar les dades, excepte per motius leg\u00edtims imperiosos, o l&#8217;exercici o la defensa de possibles reclamacions.<\/p>\n<p>Aix\u00ed mateix, t\u00e9 dret a retirar el consentiment en qualsevol moment, sense que aix\u00f2 afecti la licitud del tractament basat en el consentiment previ a la seva retirada.<\/p>\n<p>Per exercir aquests drets, pot dirigir-se a nosaltres mitjan\u00e7ant comunicaci\u00f3 escrita i fotoc\u00f2pia del DNI, indicant la refer\u00e8ncia RGPD, a l&#8217;adre\u00e7a:<\/p>\n<ul>\n<li>Responsable: <strong>EVENTS PLANNER by ANSCARI<\/strong><\/li>\n<li>Direcci\u00f3: <strong>Cam\u00ed de la Teuleria 11, 4-3, Olot<\/strong><\/li>\n<li>Tel\u00e8fon: <strong>611 50 20 20<\/strong><\/li>\n<li>Email: <strong><a href=\"mailto:info@eventsplanner-ea.cat\">info@eventsplanner-ea.cat<\/a><\/strong><\/li>\n<\/ul>\n<p>A m\u00e9s, si considera que els seus drets no s&#8217;han at\u00e8s adequadament, t\u00e9 dret a presentar una reclamaci\u00f3 davant l&#8217;Ag\u00e8ncia Espanyola de Protecci\u00f3 de Dades (<a href=\"http:\/\/www.aepd.es\/\">www.aepd.es<\/a>).<\/p>\n<p>5.- <strong>CANVIS EN LA POL\u00cdTICA DE PRIVACITAT<\/strong><\/p>\n<p><strong>EVENTS PLANNER<\/strong> es reserva el dret a modificar la present pol\u00edtica de privacitat per adaptar-la a novetats legislatives o jurisprudencials, aix\u00ed com a pr\u00e0ctiques de la ind\u00fastria. En aquests casos, l&#8217;entitat anunciar\u00e0 en aquesta p\u00e0gina els canvis introdu\u00efts amb una antelaci\u00f3 raonable a la seva posada en pr\u00e0ctica.<\/p>\n<p>6.- <strong>DRETS DELS USUARIS<\/strong><\/p>\n<p>Vost\u00e8 t\u00e9 dret a obtenir confirmaci\u00f3 sobre si en <strong>EVENTS PLANNER<\/strong> estem tractant dades personals que li concerneixen o no. Com a interessat, t\u00e9 dret a accedir a les seves dades personals, aix\u00ed com a sol\u00b7licitar la rectificaci\u00f3 de les dades inexactes o, si escau, sol\u00b7licitar la seva supressi\u00f3 quan, entre altres motius, les dades ja no siguin necess\u00e0ries per a les finalitats per a les quals van ser recollides. En determinades circumst\u00e0ncies, els interessats podran sol\u00b7licitar la limitaci\u00f3 del tractament de les seves dades, en aquest cas \u00fanicament les conservarem per a l&#8217;exercici o la defensa de reclamacions. En determinades circumst\u00e0ncies i per motius relacionats amb la seva situaci\u00f3 particular, els interessats podran oposar-se al tractament de les seves dades. <strong>EVENTS PLANNER<\/strong> deixar\u00e0 de tractar les dades, excepte per motius leg\u00edtims imperiosos, o l&#8217;exercici o la defensa de possibles reclamacions.<\/p>\n<p>Els interessats tamb\u00e9 tindran dret a la portabilitat de les seves dades, \u00e9s a dir, a rebre les dades personals que li incumbeixin, que ens hagi facilitat i en un format estructurat, d&#8217;\u00fas com\u00fa i lectura mec\u00e0nica, i a transmetre-les a un altre responsable del tractament sense que ho impedeixi el responsable a qui les hagu\u00e9s facilitat, sempre que:<\/p>\n<ul>\n<li>El tractament es basi en el consentiment.<\/li>\n<li>Les dades hagin estat facilitades per la persona interessada.<\/li>\n<li>El tractament s&#8217;efectu\u00ef per mitjans automatitzats.<\/li>\n<\/ul>\n<p>En exercir el seu dret a la portabilitat de les dades, tindr\u00e0 dret a que les dades personals es transmetin directament de responsable a responsable quan sigui t\u00e8cnicament possible.<\/p>\n<p>7.- <strong>CONTACTE<\/strong><\/p>\n<p>Per a qualsevol consulta sobre aquesta pol\u00edtica de privacitat o per exercir els seus drets, pot contactar-nos a trav\u00e9s de:<\/p>\n<ul>\n<li>Direcci\u00f3 postal: <strong>Cam\u00ed de la Teuleria 11, 4-3, Olot<\/strong><\/li>\n<li>Tel\u00e8fon: <strong>611 50 20 20<\/strong><\/li>\n<li>Email: <strong><a href=\"mailto:info@eventsplanner-ea.cat\">info@eventsplanner-ea.cat<\/a><\/strong><\/li>\n<\/ul>\n<p>8.- <strong>ACCEPTACI\u00d3 I CONSENTIMENT<\/strong><\/p>\n<p>L&#8217;usuari declara haver estat informat de les condicions sobre protecci\u00f3 de dades de car\u00e0cter personal, acceptant i consentint el tractament dels mateixos per part de <strong>EVENTS PLANNER<\/strong>, en la forma i per a les finalitats indicades en la present pol\u00edtica de privacitat.<\/p>\t\t\t\t\t\t\t\t<\/div>\n\t\t\t\t<\/div>\n\t\t\t\t\t<\/div>\n\t\t\t\t<\/div>\n\t\t\t\t<\/div>\n\t\t","protected":false},"excerpt":{"rendered":"<p>POL\u00cdTICA DE PRIVACITAT I PROTECCI\u00d3 DE DADES El Reglament General de protecci\u00f3 de dades de la UE 2016\/679 (RGPD) indica que les organitzacions que recapten i\/o realitzen activitats de tractament de dades personals, hauran d\u2019implementar les mesures t\u00e8cniques i organitzatives necess\u00e0ries per tal de garantir la protecci\u00f3 dels mateixos, la privacitat i els drets i [&hellip;]<\/p>\n","protected":false},"author":1,"featured_media":0,"parent":0,"menu_order":0,"comment_status":"closed","ping_status":"closed","template":"","meta":{"_acf_changed":false,"footnotes":""},"class_list":["post-2108","page","type-page","status-publish","hentry"],"acf":[],"yoast_head":"<!-- This site is optimized with the Yoast SEO plugin v26.1.1 - https:\/\/yoast.com\/wordpress\/plugins\/seo\/ -->\n<title>POL\u00cdTICA DE PRIVACITAT - Events Planner by Anscari<\/title>\n<meta name=\"robots\" content=\"index, follow, max-snippet:-1, max-image-preview:large, max-video-preview:-1\" \/>\n<link rel=\"canonical\" href=\"https:\/\/eventsplanner-ea.cat\/ca\/politica-de-privacitat\/\" \/>\n<meta property=\"og:locale\" content=\"ca_ES\" \/>\n<meta property=\"og:type\" content=\"article\" \/>\n<meta property=\"og:title\" content=\"POL\u00cdTICA DE PRIVACITAT - Events Planner by Anscari\" \/>\n<meta property=\"og:description\" content=\"POL\u00cdTICA DE PRIVACITAT I PROTECCI\u00d3 DE DADES El Reglament General de protecci\u00f3 de dades de la UE 2016\/679 (RGPD) indica que les organitzacions que recapten i\/o realitzen activitats de tractament de dades personals, hauran d\u2019implementar les mesures t\u00e8cniques i organitzatives necess\u00e0ries per tal de garantir la protecci\u00f3 dels mateixos, la privacitat i els drets i [&hellip;]\" \/>\n<meta property=\"og:url\" content=\"https:\/\/eventsplanner-ea.cat\/ca\/politica-de-privacitat\/\" \/>\n<meta property=\"og:site_name\" content=\"Events Planner by Anscari\" \/>\n<meta property=\"article:modified_time\" content=\"2024-12-05T11:50:04+00:00\" \/>\n<meta property=\"og:image\" content=\"https:\/\/eventsplanner-ea.cat\/wp-content\/uploads\/2024\/12\/cropped-460680458_557146833493421_8241336499703888058_n.jpg\" \/>\n\t<meta property=\"og:image:width\" content=\"512\" \/>\n\t<meta property=\"og:image:height\" content=\"512\" \/>\n\t<meta property=\"og:image:type\" content=\"image\/jpeg\" \/>\n<meta name=\"twitter:card\" content=\"summary_large_image\" \/>\n<meta name=\"twitter:label1\" content=\"Temps estimat de lectura\" \/>\n\t<meta name=\"twitter:data1\" content=\"6 minuts\" \/>\n<script type=\"application\/ld+json\" class=\"yoast-schema-graph\">{\"@context\":\"https:\/\/schema.org\",\"@graph\":[{\"@type\":\"WebPage\",\"@id\":\"https:\/\/eventsplanner-ea.cat\/politica-de-privacitat\/\",\"url\":\"https:\/\/eventsplanner-ea.cat\/politica-de-privacitat\/\",\"name\":\"POL\u00cdTICA DE PRIVACITAT - Events Planner by Anscari\",\"isPartOf\":{\"@id\":\"https:\/\/eventsplanner-ea.cat\/#website\"},\"datePublished\":\"2024-12-05T11:38:25+00:00\",\"dateModified\":\"2024-12-05T11:50:04+00:00\",\"breadcrumb\":{\"@id\":\"https:\/\/eventsplanner-ea.cat\/politica-de-privacitat\/#breadcrumb\"},\"inLanguage\":\"ca\",\"potentialAction\":[{\"@type\":\"ReadAction\",\"target\":[\"https:\/\/eventsplanner-ea.cat\/politica-de-privacitat\/\"]}]},{\"@type\":\"BreadcrumbList\",\"@id\":\"https:\/\/eventsplanner-ea.cat\/politica-de-privacitat\/#breadcrumb\",\"itemListElement\":[{\"@type\":\"ListItem\",\"position\":1,\"name\":\"Home\",\"item\":\"https:\/\/eventsplanner-ea.cat\/\"},{\"@type\":\"ListItem\",\"position\":2,\"name\":\"POL\u00cdTICA DE PRIVACITAT\"}]},{\"@type\":\"WebSite\",\"@id\":\"https:\/\/eventsplanner-ea.cat\/#website\",\"url\":\"https:\/\/eventsplanner-ea.cat\/\",\"name\":\"eventsplanner-ea.cat\",\"description\":\"Organitzaci\u00f3 d&#039;esdeveniments \u00fanics i inoblidables\",\"publisher\":{\"@id\":\"https:\/\/eventsplanner-ea.cat\/#organization\"},\"potentialAction\":[{\"@type\":\"SearchAction\",\"target\":{\"@type\":\"EntryPoint\",\"urlTemplate\":\"https:\/\/eventsplanner-ea.cat\/?s={search_term_string}\"},\"query-input\":{\"@type\":\"PropertyValueSpecification\",\"valueRequired\":true,\"valueName\":\"search_term_string\"}}],\"inLanguage\":\"ca\"},{\"@type\":\"Organization\",\"@id\":\"https:\/\/eventsplanner-ea.cat\/#organization\",\"name\":\"EVENTS PLANNER by ANSCARI\",\"url\":\"https:\/\/eventsplanner-ea.cat\/\",\"logo\":{\"@type\":\"ImageObject\",\"inLanguage\":\"ca\",\"@id\":\"https:\/\/eventsplanner-ea.cat\/#\/schema\/logo\/image\/\",\"url\":\"https:\/\/eventsplanner-ea.cat\/wp-content\/uploads\/2024\/12\/460680458_557146833493421_8241336499703888058_n.jpg\",\"contentUrl\":\"https:\/\/eventsplanner-ea.cat\/wp-content\/uploads\/2024\/12\/460680458_557146833493421_8241336499703888058_n.jpg\",\"width\":717,\"height\":717,\"caption\":\"EVENTS PLANNER by ANSCARI\"},\"image\":{\"@id\":\"https:\/\/eventsplanner-ea.cat\/#\/schema\/logo\/image\/\"},\"sameAs\":[\"https:\/\/www.instagram.com\/eventsplanner_ea\/\"]}]}<\/script>\n<!-- \/ Yoast SEO plugin. -->","yoast_head_json":{"title":"POL\u00cdTICA DE PRIVACITAT - Events Planner by Anscari","robots":{"index":"index","follow":"follow","max-snippet":"max-snippet:-1","max-image-preview":"max-image-preview:large","max-video-preview":"max-video-preview:-1"},"canonical":"https:\/\/eventsplanner-ea.cat\/ca\/politica-de-privacitat\/","og_locale":"ca_ES","og_type":"article","og_title":"POL\u00cdTICA DE PRIVACITAT - Events Planner by Anscari","og_description":"POL\u00cdTICA DE PRIVACITAT I PROTECCI\u00d3 DE DADES El Reglament General de protecci\u00f3 de dades de la UE 2016\/679 (RGPD) indica que les organitzacions que recapten i\/o realitzen activitats de tractament de dades personals, hauran d\u2019implementar les mesures t\u00e8cniques i organitzatives necess\u00e0ries per tal de garantir la protecci\u00f3 dels mateixos, la privacitat i els drets i [&hellip;]","og_url":"https:\/\/eventsplanner-ea.cat\/ca\/politica-de-privacitat\/","og_site_name":"Events Planner by Anscari","article_modified_time":"2024-12-05T11:50:04+00:00","og_image":[{"width":512,"height":512,"url":"https:\/\/eventsplanner-ea.cat\/wp-content\/uploads\/2024\/12\/cropped-460680458_557146833493421_8241336499703888058_n.jpg","type":"image\/jpeg"}],"twitter_card":"summary_large_image","twitter_misc":{"Temps estimat de lectura":"6 minuts"},"schema":{"@context":"https:\/\/schema.org","@graph":[{"@type":"WebPage","@id":"https:\/\/eventsplanner-ea.cat\/politica-de-privacitat\/","url":"https:\/\/eventsplanner-ea.cat\/politica-de-privacitat\/","name":"POL\u00cdTICA DE PRIVACITAT - Events Planner by Anscari","isPartOf":{"@id":"https:\/\/eventsplanner-ea.cat\/#website"},"datePublished":"2024-12-05T11:38:25+00:00","dateModified":"2024-12-05T11:50:04+00:00","breadcrumb":{"@id":"https:\/\/eventsplanner-ea.cat\/politica-de-privacitat\/#breadcrumb"},"inLanguage":"ca","potentialAction":[{"@type":"ReadAction","target":["https:\/\/eventsplanner-ea.cat\/politica-de-privacitat\/"]}]},{"@type":"BreadcrumbList","@id":"https:\/\/eventsplanner-ea.cat\/politica-de-privacitat\/#breadcrumb","itemListElement":[{"@type":"ListItem","position":1,"name":"Home","item":"https:\/\/eventsplanner-ea.cat\/"},{"@type":"ListItem","position":2,"name":"POL\u00cdTICA DE PRIVACITAT"}]},{"@type":"WebSite","@id":"https:\/\/eventsplanner-ea.cat\/#website","url":"https:\/\/eventsplanner-ea.cat\/","name":"eventsplanner-ea.cat","description":"Organitzaci\u00f3 d&#039;esdeveniments \u00fanics i inoblidables","publisher":{"@id":"https:\/\/eventsplanner-ea.cat\/#organization"},"potentialAction":[{"@type":"SearchAction","target":{"@type":"EntryPoint","urlTemplate":"https:\/\/eventsplanner-ea.cat\/?s={search_term_string}"},"query-input":{"@type":"PropertyValueSpecification","valueRequired":true,"valueName":"search_term_string"}}],"inLanguage":"ca"},{"@type":"Organization","@id":"https:\/\/eventsplanner-ea.cat\/#organization","name":"EVENTS PLANNER by ANSCARI","url":"https:\/\/eventsplanner-ea.cat\/","logo":{"@type":"ImageObject","inLanguage":"ca","@id":"https:\/\/eventsplanner-ea.cat\/#\/schema\/logo\/image\/","url":"https:\/\/eventsplanner-ea.cat\/wp-content\/uploads\/2024\/12\/460680458_557146833493421_8241336499703888058_n.jpg","contentUrl":"https:\/\/eventsplanner-ea.cat\/wp-content\/uploads\/2024\/12\/460680458_557146833493421_8241336499703888058_n.jpg","width":717,"height":717,"caption":"EVENTS PLANNER by ANSCARI"},"image":{"@id":"https:\/\/eventsplanner-ea.cat\/#\/schema\/logo\/image\/"},"sameAs":["https:\/\/www.instagram.com\/eventsplanner_ea\/"]}]}},"_links":{"self":[{"href":"https:\/\/eventsplanner-ea.cat\/ca\/wp-json\/wp\/v2\/pages\/2108","targetHints":{"allow":["GET"]}}],"collection":[{"href":"https:\/\/eventsplanner-ea.cat\/ca\/wp-json\/wp\/v2\/pages"}],"about":[{"href":"https:\/\/eventsplanner-ea.cat\/ca\/wp-json\/wp\/v2\/types\/page"}],"author":[{"embeddable":true,"href":"https:\/\/eventsplanner-ea.cat\/ca\/wp-json\/wp\/v2\/users\/1"}],"replies":[{"embeddable":true,"href":"https:\/\/eventsplanner-ea.cat\/ca\/wp-json\/wp\/v2\/comments?post=2108"}],"version-history":[{"count":7,"href":"https:\/\/eventsplanner-ea.cat\/ca\/wp-json\/wp\/v2\/pages\/2108\/revisions"}],"predecessor-version":[{"id":2125,"href":"https:\/\/eventsplanner-ea.cat\/ca\/wp-json\/wp\/v2\/pages\/2108\/revisions\/2125"}],"wp:attachment":[{"href":"https:\/\/eventsplanner-ea.cat\/ca\/wp-json\/wp\/v2\/media?parent=2108"}],"curies":[{"name":"wp","href":"https:\/\/api.w.org\/{rel}","templated":true}]}}