{"id":2109,"date":"2024-12-05T12:33:39","date_gmt":"2024-12-05T11:33:39","guid":{"rendered":"https:\/\/eventsplanner-ea.cat\/?page_id=2109"},"modified":"2024-12-05T12:52:29","modified_gmt":"2024-12-05T11:52:29","slug":"politica-de-cookies","status":"publish","type":"page","link":"https:\/\/eventsplanner-ea.cat\/ca\/politica-de-cookies\/","title":{"rendered":"Pol\u00edtica de Cookies"},"content":{"rendered":"<style>.elementor-2109 .elementor-element.elementor-element-8eed2c8{--display:flex;--flex-direction:column;--container-widget-width:100%;--container-widget-height:initial;--container-widget-flex-grow:0;--container-widget-align-self:initial;--flex-wrap-mobile:wrap;}<\/style>\t\t<div data-elementor-type=\"wp-page\" data-elementor-id=\"2109\" class=\"elementor elementor-2109\">\n\t\t\t\t<div class=\"elementor-element elementor-element-8eed2c8 e-flex e-con-boxed e-con e-parent\" data-id=\"8eed2c8\" data-element_type=\"container\">\n\t\t\t\t\t<div class=\"e-con-inner\">\n\t\t\t\t<div class=\"elementor-element elementor-element-766548b elementor-widget elementor-widget-text-editor\" data-id=\"766548b\" data-element_type=\"widget\" data-widget_type=\"text-editor.default\">\n\t\t\t\t<div class=\"elementor-widget-container\">\n\t\t\t\t\t\t\t\t\t<p>Pol\u00edtica de Cookies<\/p><p>En compliment amb el que estableix la Llei 34\/2002 de 11 de Juliol, de Serveis de la Societat de la Informaci\u00f3 i el Comer\u00e7 Electr\u00f2nic (LSSICE), s\u2019informa dels seg\u00fcents aspectes legals:<\/p><p>PROPIETAT DEL LLOC WEB<\/p><p>Responsable: EVENTS PLANNER by ANSCARI (en endavant, EVENTS PLANNER).<br \/>NIF: 77916349P.<br \/>Direcci\u00f3: Cam\u00ed de la Teuleria 11, 4-3, Olot.<br \/>Tel\u00e8fon: 611 50 20 20.<br \/>Email: info@eventsplanner-ea.cat.<br \/>Registre Mercantil: No aplica, ja que es tracta d\u2019un aut\u00f2nom.<br \/>Activitat: ORGANITZACI\u00d3 D\u2019ESDEVENIMENTS.<\/p><p>INFORMACI\u00d3 I TERMINOLOGIES<\/p><p>Les cookies s\u00f3n arxius petits que les p\u00e0gines web, botigues en l\u00ednia, intranets, plataformes en l\u00ednia o similars, s\u2019emmagatzemen en el navegador de l\u2019usuari que les visita i resulten necessaris per aportar a la navegaci\u00f3 web innombrables avantatges en la prestaci\u00f3 de serveis interactius.<\/p><p>Tipus de cookies:<br \/>Cookies de sessi\u00f3: Temporals, que es suprimeixen quan es tanca el navegador.<br \/>Cookies persistents: Romanen emmagatzemades en el navegador i permeten recordar informaci\u00f3 per a futures visites.<br \/>Cookies d\u2019origen o pr\u00f2pies: Generades per la p\u00e0gina web visitada.<br \/>Cookies de tercers: Generades per serveis externs integrats al web.<br \/>Finalitats de les cookies:<br \/>Fins t\u00e8cnics: Necess\u00e0ries per al funcionament b\u00e0sic del lloc web.<br \/>Personalitzaci\u00f3: Permeten adaptar l\u2019experi\u00e8ncia a l\u2019usuari.<br \/>An\u00e0lisi o rendiment: Per comprendre el comportament de navegaci\u00f3 i millorar el servei.<br \/>Publicitat: Implementen par\u00e0metres d\u2019efici\u00e8ncia publicit\u00e0ria.<br \/>Publicitat comportamental: Ofereixen anuncis personalitzats segons h\u00e0bits de navegaci\u00f3.<br \/>DETALL DE COOKIES UTILITZADES<\/p><p>El lloc web d\u2019EVENTS PLANNER utilitza cookies per al correcte funcionament i la recollida d\u2019estad\u00edstiques. En concret, s\u2019utilitzen les seg\u00fcents:<\/p><p>Idioma: Per guardar l\u2019idioma seleccionat per l\u2019usuari.<br \/>Acceptaci\u00f3 de Cookies: Per recordar que s\u2019ha acceptat l\u2019\u00fas de cookies.<br \/>Sessi\u00f3: Per guardar l\u2019\u00faltima data de connexi\u00f3 a la web.<\/p><p>Cap d\u2019aquestes cookies guarda dades personals dels usuaris.<\/p><p>SERVEIS DE TERCERS<\/p><p>EVENTS PLANNER t\u00e9 pres\u00e8ncia en portals i serveis de tercers. Per con\u00e8ixer les seves pol\u00edtiques de cookies, consulta els enlla\u00e7os seg\u00fcents:<\/p><p>Facebook: https:\/\/es-es.facebook.com\/help\/cookies<br \/>Twitter: https:\/\/twitter.com\/privacy<br \/>YouTube: https:\/\/www.google.es\/intl\/es\/policies\/technologies\/cookies\/<br \/>LinkedIn: http:\/\/www.linkedin.com\/legal\/privacy-policy<br \/>Google+: https:\/\/www.google.es\/intl\/es\/policies\/technologies\/cookies\/<br \/>Instagram: https:\/\/www.facebook.com\/policies\/cookies\/<br \/>ACCEPTACI\u00d3 DE LA POL\u00cdTICA DE COOKIES<\/p><p>EVENTS PLANNER mostra informaci\u00f3 sobre la seva Pol\u00edtica de Cookies a la part inferior de la p\u00e0gina inicial del lloc web amb cada inici de sessi\u00f3. Davant d\u2019aquesta informaci\u00f3, l\u2019usuari pot:<\/p><p>Acceptar les Cookies: No es tornar\u00e0 a visualitzar aquest av\u00eds durant la sessi\u00f3 actual.<br \/>Modificar la configuraci\u00f3: L\u2019usuari pot restringir o bloquejar les cookies, tot i que aix\u00f2 pot reduir les funcionalitats del web.<br \/>Seguir navegant: S\u2019entendr\u00e0 com a acceptaci\u00f3 t\u00e0cita de les cookies.<br \/>COM MODIFICAR LA CONFIGURACI\u00d3 DE LES COOKIES<\/p><p>L\u2019usuari pot restringir, bloquejar o esborrar les cookies d\u2019EVENTS PLANNER o de qualsevol altra p\u00e0gina web utilitzant el seu navegador.<\/p><p>Instruccions per a diferents navegadors:<\/p><p>Internet Explorer: Eliminar o gestionar cookies<br \/>Firefox: Suprimir cookies<br \/>Chrome: Gestionar cookies<br \/>Safari: Cookies en Safari<\/p><p>Eines per gestionar cookies:<\/p><p>Ghostery: https:\/\/www.ghostery.com\/<br \/>Your Online Choices: http:\/\/www.youronlinechoices.com\/es\/<\/p>\t\t\t\t\t\t\t\t<\/div>\n\t\t\t\t<\/div>\n\t\t\t\t\t<\/div>\n\t\t\t\t<\/div>\n\t\t\t\t<\/div>\n\t\t","protected":false},"excerpt":{"rendered":"<p>Pol\u00edtica de Cookies En compliment amb el que estableix la Llei 34\/2002 de 11 de Juliol, de Serveis de la Societat de la Informaci\u00f3 i el Comer\u00e7 Electr\u00f2nic (LSSICE), s\u2019informa dels seg\u00fcents aspectes legals: PROPIETAT DEL LLOC WEB Responsable: EVENTS PLANNER by ANSCARI (en endavant, EVENTS PLANNER).NIF: 77916349P.Direcci\u00f3: Cam\u00ed de la Teuleria 11, 4-3, Olot.Tel\u00e8fon: [&hellip;]<\/p>\n","protected":false},"author":1,"featured_media":0,"parent":0,"menu_order":0,"comment_status":"closed","ping_status":"closed","template":"","meta":{"_acf_changed":false,"footnotes":""},"class_list":["post-2109","page","type-page","status-publish","hentry"],"acf":[],"yoast_head":"<!-- This site is optimized with the Yoast SEO plugin v26.1.1 - https:\/\/yoast.com\/wordpress\/plugins\/seo\/ -->\n<title>Pol\u00edtica de Cookies - Events Planner by Anscari<\/title>\n<meta name=\"robots\" content=\"index, follow, max-snippet:-1, max-image-preview:large, max-video-preview:-1\" \/>\n<link rel=\"canonical\" href=\"https:\/\/eventsplanner-ea.cat\/ca\/politica-de-cookies\/\" \/>\n<meta property=\"og:locale\" content=\"ca_ES\" \/>\n<meta property=\"og:type\" content=\"article\" \/>\n<meta property=\"og:title\" content=\"Pol\u00edtica de Cookies - Events Planner by Anscari\" \/>\n<meta property=\"og:description\" content=\"Pol\u00edtica de Cookies En compliment amb el que estableix la Llei 34\/2002 de 11 de Juliol, de Serveis de la Societat de la Informaci\u00f3 i el Comer\u00e7 Electr\u00f2nic (LSSICE), s\u2019informa dels seg\u00fcents aspectes legals: PROPIETAT DEL LLOC WEB Responsable: EVENTS PLANNER by ANSCARI (en endavant, EVENTS PLANNER).NIF: 77916349P.Direcci\u00f3: Cam\u00ed de la Teuleria 11, 4-3, Olot.Tel\u00e8fon: [&hellip;]\" \/>\n<meta property=\"og:url\" content=\"https:\/\/eventsplanner-ea.cat\/ca\/politica-de-cookies\/\" \/>\n<meta property=\"og:site_name\" content=\"Events Planner by Anscari\" \/>\n<meta property=\"article:modified_time\" content=\"2024-12-05T11:52:29+00:00\" \/>\n<meta property=\"og:image\" content=\"https:\/\/eventsplanner-ea.cat\/wp-content\/uploads\/2024\/12\/cropped-460680458_557146833493421_8241336499703888058_n.jpg\" \/>\n\t<meta property=\"og:image:width\" content=\"512\" \/>\n\t<meta property=\"og:image:height\" content=\"512\" \/>\n\t<meta property=\"og:image:type\" content=\"image\/jpeg\" \/>\n<meta name=\"twitter:card\" content=\"summary_large_image\" \/>\n<meta name=\"twitter:label1\" content=\"Temps estimat de lectura\" \/>\n\t<meta name=\"twitter:data1\" content=\"3 minuts\" \/>\n<script type=\"application\/ld+json\" class=\"yoast-schema-graph\">{\"@context\":\"https:\/\/schema.org\",\"@graph\":[{\"@type\":\"WebPage\",\"@id\":\"https:\/\/eventsplanner-ea.cat\/politica-de-cookies\/\",\"url\":\"https:\/\/eventsplanner-ea.cat\/politica-de-cookies\/\",\"name\":\"Pol\u00edtica de Cookies - Events Planner by Anscari\",\"isPartOf\":{\"@id\":\"https:\/\/eventsplanner-ea.cat\/#website\"},\"datePublished\":\"2024-12-05T11:33:39+00:00\",\"dateModified\":\"2024-12-05T11:52:29+00:00\",\"breadcrumb\":{\"@id\":\"https:\/\/eventsplanner-ea.cat\/politica-de-cookies\/#breadcrumb\"},\"inLanguage\":\"ca\",\"potentialAction\":[{\"@type\":\"ReadAction\",\"target\":[\"https:\/\/eventsplanner-ea.cat\/politica-de-cookies\/\"]}]},{\"@type\":\"BreadcrumbList\",\"@id\":\"https:\/\/eventsplanner-ea.cat\/politica-de-cookies\/#breadcrumb\",\"itemListElement\":[{\"@type\":\"ListItem\",\"position\":1,\"name\":\"Home\",\"item\":\"https:\/\/eventsplanner-ea.cat\/\"},{\"@type\":\"ListItem\",\"position\":2,\"name\":\"Pol\u00edtica de Cookies\"}]},{\"@type\":\"WebSite\",\"@id\":\"https:\/\/eventsplanner-ea.cat\/#website\",\"url\":\"https:\/\/eventsplanner-ea.cat\/\",\"name\":\"eventsplanner-ea.cat\",\"description\":\"Organitzaci\u00f3 d&#039;esdeveniments \u00fanics i inoblidables\",\"publisher\":{\"@id\":\"https:\/\/eventsplanner-ea.cat\/#organization\"},\"potentialAction\":[{\"@type\":\"SearchAction\",\"target\":{\"@type\":\"EntryPoint\",\"urlTemplate\":\"https:\/\/eventsplanner-ea.cat\/?s={search_term_string}\"},\"query-input\":{\"@type\":\"PropertyValueSpecification\",\"valueRequired\":true,\"valueName\":\"search_term_string\"}}],\"inLanguage\":\"ca\"},{\"@type\":\"Organization\",\"@id\":\"https:\/\/eventsplanner-ea.cat\/#organization\",\"name\":\"EVENTS PLANNER by ANSCARI\",\"url\":\"https:\/\/eventsplanner-ea.cat\/\",\"logo\":{\"@type\":\"ImageObject\",\"inLanguage\":\"ca\",\"@id\":\"https:\/\/eventsplanner-ea.cat\/#\/schema\/logo\/image\/\",\"url\":\"https:\/\/eventsplanner-ea.cat\/wp-content\/uploads\/2024\/12\/460680458_557146833493421_8241336499703888058_n.jpg\",\"contentUrl\":\"https:\/\/eventsplanner-ea.cat\/wp-content\/uploads\/2024\/12\/460680458_557146833493421_8241336499703888058_n.jpg\",\"width\":717,\"height\":717,\"caption\":\"EVENTS PLANNER by ANSCARI\"},\"image\":{\"@id\":\"https:\/\/eventsplanner-ea.cat\/#\/schema\/logo\/image\/\"},\"sameAs\":[\"https:\/\/www.instagram.com\/eventsplanner_ea\/\"]}]}<\/script>\n<!-- \/ Yoast SEO plugin. -->","yoast_head_json":{"title":"Pol\u00edtica de Cookies - Events Planner by Anscari","robots":{"index":"index","follow":"follow","max-snippet":"max-snippet:-1","max-image-preview":"max-image-preview:large","max-video-preview":"max-video-preview:-1"},"canonical":"https:\/\/eventsplanner-ea.cat\/ca\/politica-de-cookies\/","og_locale":"ca_ES","og_type":"article","og_title":"Pol\u00edtica de Cookies - Events Planner by Anscari","og_description":"Pol\u00edtica de Cookies En compliment amb el que estableix la Llei 34\/2002 de 11 de Juliol, de Serveis de la Societat de la Informaci\u00f3 i el Comer\u00e7 Electr\u00f2nic (LSSICE), s\u2019informa dels seg\u00fcents aspectes legals: PROPIETAT DEL LLOC WEB Responsable: EVENTS PLANNER by ANSCARI (en endavant, EVENTS PLANNER).NIF: 77916349P.Direcci\u00f3: Cam\u00ed de la Teuleria 11, 4-3, Olot.Tel\u00e8fon: [&hellip;]","og_url":"https:\/\/eventsplanner-ea.cat\/ca\/politica-de-cookies\/","og_site_name":"Events Planner by Anscari","article_modified_time":"2024-12-05T11:52:29+00:00","og_image":[{"width":512,"height":512,"url":"https:\/\/eventsplanner-ea.cat\/wp-content\/uploads\/2024\/12\/cropped-460680458_557146833493421_8241336499703888058_n.jpg","type":"image\/jpeg"}],"twitter_card":"summary_large_image","twitter_misc":{"Temps estimat de lectura":"3 minuts"},"schema":{"@context":"https:\/\/schema.org","@graph":[{"@type":"WebPage","@id":"https:\/\/eventsplanner-ea.cat\/politica-de-cookies\/","url":"https:\/\/eventsplanner-ea.cat\/politica-de-cookies\/","name":"Pol\u00edtica de Cookies - Events Planner by Anscari","isPartOf":{"@id":"https:\/\/eventsplanner-ea.cat\/#website"},"datePublished":"2024-12-05T11:33:39+00:00","dateModified":"2024-12-05T11:52:29+00:00","breadcrumb":{"@id":"https:\/\/eventsplanner-ea.cat\/politica-de-cookies\/#breadcrumb"},"inLanguage":"ca","potentialAction":[{"@type":"ReadAction","target":["https:\/\/eventsplanner-ea.cat\/politica-de-cookies\/"]}]},{"@type":"BreadcrumbList","@id":"https:\/\/eventsplanner-ea.cat\/politica-de-cookies\/#breadcrumb","itemListElement":[{"@type":"ListItem","position":1,"name":"Home","item":"https:\/\/eventsplanner-ea.cat\/"},{"@type":"ListItem","position":2,"name":"Pol\u00edtica de Cookies"}]},{"@type":"WebSite","@id":"https:\/\/eventsplanner-ea.cat\/#website","url":"https:\/\/eventsplanner-ea.cat\/","name":"eventsplanner-ea.cat","description":"Organitzaci\u00f3 d&#039;esdeveniments \u00fanics i inoblidables","publisher":{"@id":"https:\/\/eventsplanner-ea.cat\/#organization"},"potentialAction":[{"@type":"SearchAction","target":{"@type":"EntryPoint","urlTemplate":"https:\/\/eventsplanner-ea.cat\/?s={search_term_string}"},"query-input":{"@type":"PropertyValueSpecification","valueRequired":true,"valueName":"search_term_string"}}],"inLanguage":"ca"},{"@type":"Organization","@id":"https:\/\/eventsplanner-ea.cat\/#organization","name":"EVENTS PLANNER by ANSCARI","url":"https:\/\/eventsplanner-ea.cat\/","logo":{"@type":"ImageObject","inLanguage":"ca","@id":"https:\/\/eventsplanner-ea.cat\/#\/schema\/logo\/image\/","url":"https:\/\/eventsplanner-ea.cat\/wp-content\/uploads\/2024\/12\/460680458_557146833493421_8241336499703888058_n.jpg","contentUrl":"https:\/\/eventsplanner-ea.cat\/wp-content\/uploads\/2024\/12\/460680458_557146833493421_8241336499703888058_n.jpg","width":717,"height":717,"caption":"EVENTS PLANNER by ANSCARI"},"image":{"@id":"https:\/\/eventsplanner-ea.cat\/#\/schema\/logo\/image\/"},"sameAs":["https:\/\/www.instagram.com\/eventsplanner_ea\/"]}]}},"_links":{"self":[{"href":"https:\/\/eventsplanner-ea.cat\/ca\/wp-json\/wp\/v2\/pages\/2109","targetHints":{"allow":["GET"]}}],"collection":[{"href":"https:\/\/eventsplanner-ea.cat\/ca\/wp-json\/wp\/v2\/pages"}],"about":[{"href":"https:\/\/eventsplanner-ea.cat\/ca\/wp-json\/wp\/v2\/types\/page"}],"author":[{"embeddable":true,"href":"https:\/\/eventsplanner-ea.cat\/ca\/wp-json\/wp\/v2\/users\/1"}],"replies":[{"embeddable":true,"href":"https:\/\/eventsplanner-ea.cat\/ca\/wp-json\/wp\/v2\/comments?post=2109"}],"version-history":[{"count":7,"href":"https:\/\/eventsplanner-ea.cat\/ca\/wp-json\/wp\/v2\/pages\/2109\/revisions"}],"predecessor-version":[{"id":2128,"href":"https:\/\/eventsplanner-ea.cat\/ca\/wp-json\/wp\/v2\/pages\/2109\/revisions\/2128"}],"wp:attachment":[{"href":"https:\/\/eventsplanner-ea.cat\/ca\/wp-json\/wp\/v2\/media?parent=2109"}],"curies":[{"name":"wp","href":"https:\/\/api.w.org\/{rel}","templated":true}]}}