{"id":2102,"date":"2024-12-05T12:13:14","date_gmt":"2024-12-05T11:13:14","guid":{"rendered":"https:\/\/eventsplanner-ea.cat\/?page_id=2102"},"modified":"2024-12-05T12:32:08","modified_gmt":"2024-12-05T11:32:08","slug":"avis-legal","status":"publish","type":"page","link":"https:\/\/eventsplanner-ea.cat\/es\/avis-legal\/","title":{"rendered":"Av\u00eds Legal"},"content":{"rendered":"<style>.elementor-2102 .elementor-element.elementor-element-d7d578d{--display:flex;--flex-direction:column;--container-widget-width:100%;--container-widget-height:initial;--container-widget-flex-grow:0;--container-widget-align-self:initial;--flex-wrap-mobile:wrap;}<\/style>\t\t<div data-elementor-type=\"wp-page\" data-elementor-id=\"2102\" class=\"elementor elementor-2102\">\n\t\t\t\t<div class=\"elementor-element elementor-element-d7d578d e-flex e-con-boxed e-con e-parent\" data-id=\"d7d578d\" data-element_type=\"container\">\n\t\t\t\t\t<div class=\"e-con-inner\">\n\t\t\t\t<div class=\"elementor-element elementor-element-c4ed244 elementor-widget elementor-widget-text-editor\" data-id=\"c4ed244\" data-element_type=\"widget\" data-widget_type=\"text-editor.default\">\n\t\t\t\t<div class=\"elementor-widget-container\">\n\t\t\t\t\t\t\t\t\t<p>AVISO LEGAL<\/p><p>En compliment amb el que estableix la Llei 34\/2002 de 11 de Juliol, de Serveis de la Societat de la Informaci\u00f3 i el Comer\u00e7 Electr\u00f2nic (LSSICE), s\u2019informa dels seg\u00fcents aspectes legals:<\/p><p>PROPIETAT DEL LLOC WEB<\/p><p>Responsable: EVENTS PLANNER by ANSCARI (en endavant, EVENTS PLANNER).<br \/>NIF: 77916349P.<br \/>Direcci\u00f3: Cam\u00ed de la Teuleria 11, 4-3, Olot.<br \/>Tel\u00e8fon: 611 50 20 20.<br \/>Email: info@eventsplanner-ea.cat.<br \/>Registre Mercantil: No aplica, ja que es tracta d\u2019un aut\u00f2nom.<br \/>Activitat: ORGANITZACI\u00d3 D\u2019ESDEVENIMENTS.<\/p><p>CONDICIONS GENERALS D&#8217;\u00daS<\/p><p>Tots els elements que formen el lloc web, aix\u00ed com la seva estructura, disseny, codi font, logotips, marques i altres signes distintius, s\u00f3n titularitat de EVENTS PLANNER o dels seus col\u00b7laboradors i estan protegits pels corresponents drets de propietat intel\u00b7lectual i industrial.<\/p><p>Estan protegits tamb\u00e9 els drets de propietat intel\u00b7lectual i industrial de les imatges i altres elements gr\u00e0fics inclosos al lloc web.<\/p><p>EVENTS PLANNER prohibeix expressament la realitzaci\u00f3 de \u201cframing\u201d o l\u2019\u00fas per part de tercers de mecanismes que alterin el disseny, configuraci\u00f3 original o continguts del lloc web.<\/p><p>Condicions d&#8217;\u00fas dels continguts:<\/p><p>Es pot reproduir total o parcialment el contingut sempre que es compleixin aquestes condicions:<\/p><p>Es mantingui la integritat dels continguts.<br \/>Es citi expressament EVENTS PLANNER com a font i origen.<br \/>L\u2019\u00fas sigui compatible amb els fins del lloc web i no tingui prop\u00f2sits comercials.<\/p><p>Qualsevol altre \u00fas requerir\u00e0 autoritzaci\u00f3 pr\u00e8via i expressa d\u2019EVENTS PLANNER.<\/p><p>Els drets de propietat intel\u00b7lectual de productes i serveis de tercers mencionats al web corresponen als seus titulars, i la seva menci\u00f3 no implica cap vinculaci\u00f3 o responsabilitat d\u2019EVENTS PLANNER.<\/p><p>RESPONSABILITAT<\/p><p>EVENTS PLANNER no garanteix que el lloc web estigui lliure d\u2019errors o actualitzat constantment, tot i que es faran els esfor\u00e7os per evitar-los o solucionar-los. L\u2019\u00fas del lloc web \u00e9s responsabilitat exclusiva de l\u2019usuari.<\/p><p>EVENTS PLANNER no es fa responsable dels continguts publicats per tercers en f\u00f2rums, xats o altres espais similars del lloc web. En cas que consideris que hi ha continguts il\u00b7l\u00edcits, pots contactar-nos per avaluar-ne la retirada.<\/p><p>LINKS O HIPERENLLA\u00c7OS<\/p><p>Els enlla\u00e7os del lloc web poden dirigir a altres p\u00e0gines que no pertanyen a EVENTS PLANNER. No ens responsabilitzem del contingut, serveis o possibles danys derivats de l\u2019acc\u00e9s a aquestes p\u00e0gines.<\/p><p>Condicions per als hiperenlla\u00e7os al lloc web:<br \/>No impliquen patrocini o recomanaci\u00f3 per part d\u2019EVENTS PLANNER.<br \/>No poden contenir contingut il\u00b7l\u00edcit.<br \/>EVENTS PLANNER es reserva el dret de sol\u00b7licitar la retirada de l\u2019enlla\u00e7.<br \/>PROTECCI\u00d3 DE DADES PERSONALS<\/p><p>Les dades personals recopilades es gestionen segons la normativa vigent: Llei Org\u00e0nica de Protecci\u00f3 de Dades 15\/1999 (LOPD), el Reglament General de Protecci\u00f3 de Dades (RGPD) 2016\/679, i altres disposicions aplicables.<\/p><p>Drets dels usuaris:<\/p><p>Els usuaris poden exercir els drets d\u2019acc\u00e9s, rectificaci\u00f3, cancel\u00b7laci\u00f3 i oposici\u00f3, aix\u00ed com altres drets reconeguts per la normativa vigent, enviant una sol\u00b7licitud escrita a:<\/p><p>Adre\u00e7a: Cam\u00ed de la Teuleria 11, 4-3, Olot.<br \/>Email: info@eventsplanner-ea.cat.<\/p><p>La sol\u00b7licitud haur\u00e0 d&#8217;incloure una c\u00f2pia del DNI o document identificatiu.<\/p><p>Cookies i navegaci\u00f3:<\/p><p>La navegaci\u00f3 pel lloc web pot generar informaci\u00f3 sobre la data, hora, adre\u00e7a IP, elements de seguretat o estad\u00edstiques d\u2019\u00fas. EVENTS PLANNER utilitza aquesta informaci\u00f3 exclusivament amb finalitats estad\u00edstiques i per a millorar el funcionament del lloc web.<\/p><p>Els usuaris poden configurar el navegador per evitar la creaci\u00f3 de cookies o ser notificats quan aquestes s\u2019envi\u00efn.<\/p><p>LEGISLACI\u00d3 APLICABLE I JURISDICCI\u00d3<\/p><p>Aquest av\u00eds legal es regeix per la legislaci\u00f3 espanyola.<\/p><p>Per a qualsevol q\u00fcesti\u00f3 derivada de la prestaci\u00f3 dels serveis o continguts d\u2019EVENTS PLANNER, amb ren\u00fancia a qualsevol altre fur, les parts es sotmeten als Jutjats i Tribunals del domicili de l\u2019usuari. Si l\u2019usuari resideix fora d\u2019Espanya, s\u2019aplicar\u00e0 la jurisdicci\u00f3 dels Jutjats i Tribunals d\u2019Olot.<\/p>\t\t\t\t\t\t\t\t<\/div>\n\t\t\t\t<\/div>\n\t\t\t\t\t<\/div>\n\t\t\t\t<\/div>\n\t\t\t\t<\/div>","protected":false},"excerpt":{"rendered":"<p>AV\u00cdS LEGAL En compliment amb el que estableix la Llei 34\/2002 de 11 de Juliol, de Serveis de la Societat de la Informaci\u00f3 i el Comer\u00e7 Electr\u00f2nic (LSSICE), s\u2019informa dels seg\u00fcents aspectes legals: PROPIETAT DEL LLOC WEB Responsable: EVENTS PLANNER by ANSCARI (en endavant, EVENTS PLANNER).NIF: 77916349P.Direcci\u00f3: Cam\u00ed de la Teuleria 11, 4-3, Olot.Tel\u00e8fon: 611 [&hellip;]<\/p>","protected":false},"author":1,"featured_media":0,"parent":0,"menu_order":0,"comment_status":"closed","ping_status":"closed","template":"","meta":{"_acf_changed":false,"footnotes":""},"class_list":["post-2102","page","type-page","status-publish","hentry"],"acf":[],"yoast_head":"<!-- This site is optimized with the Yoast SEO plugin v26.1.1 - https:\/\/yoast.com\/wordpress\/plugins\/seo\/ -->\n<title>Av\u00eds Legal - Events Planner by Anscari<\/title>\n<meta name=\"robots\" content=\"index, follow, max-snippet:-1, max-image-preview:large, max-video-preview:-1\" \/>\n<link rel=\"canonical\" href=\"https:\/\/eventsplanner-ea.cat\/es\/avis-legal\/\" \/>\n<meta property=\"og:locale\" content=\"es_ES\" \/>\n<meta property=\"og:type\" content=\"article\" \/>\n<meta property=\"og:title\" content=\"Av\u00eds Legal - Events Planner by Anscari\" \/>\n<meta property=\"og:description\" content=\"AV\u00cdS LEGAL En compliment amb el que estableix la Llei 34\/2002 de 11 de Juliol, de Serveis de la Societat de la Informaci\u00f3 i el Comer\u00e7 Electr\u00f2nic (LSSICE), s\u2019informa dels seg\u00fcents aspectes legals: PROPIETAT DEL LLOC WEB Responsable: EVENTS PLANNER by ANSCARI (en endavant, EVENTS PLANNER).NIF: 77916349P.Direcci\u00f3: Cam\u00ed de la Teuleria 11, 4-3, Olot.Tel\u00e8fon: 611 [&hellip;]\" \/>\n<meta property=\"og:url\" content=\"https:\/\/eventsplanner-ea.cat\/es\/avis-legal\/\" \/>\n<meta property=\"og:site_name\" content=\"Events Planner by Anscari\" \/>\n<meta property=\"article:modified_time\" content=\"2024-12-05T11:32:08+00:00\" \/>\n<meta property=\"og:image\" content=\"https:\/\/eventsplanner-ea.cat\/wp-content\/uploads\/2024\/12\/cropped-460680458_557146833493421_8241336499703888058_n.jpg\" \/>\n\t<meta property=\"og:image:width\" content=\"512\" \/>\n\t<meta property=\"og:image:height\" content=\"512\" \/>\n\t<meta property=\"og:image:type\" content=\"image\/jpeg\" \/>\n<meta name=\"twitter:card\" content=\"summary_large_image\" \/>\n<meta name=\"twitter:label1\" content=\"Tiempo de lectura\" \/>\n\t<meta name=\"twitter:data1\" content=\"3 minutos\" \/>\n<script type=\"application\/ld+json\" class=\"yoast-schema-graph\">{\"@context\":\"https:\/\/schema.org\",\"@graph\":[{\"@type\":\"WebPage\",\"@id\":\"https:\/\/eventsplanner-ea.cat\/avis-legal\/\",\"url\":\"https:\/\/eventsplanner-ea.cat\/avis-legal\/\",\"name\":\"Av\u00eds Legal - Events Planner by Anscari\",\"isPartOf\":{\"@id\":\"https:\/\/eventsplanner-ea.cat\/#website\"},\"datePublished\":\"2024-12-05T11:13:14+00:00\",\"dateModified\":\"2024-12-05T11:32:08+00:00\",\"breadcrumb\":{\"@id\":\"https:\/\/eventsplanner-ea.cat\/avis-legal\/#breadcrumb\"},\"inLanguage\":\"es\",\"potentialAction\":[{\"@type\":\"ReadAction\",\"target\":[\"https:\/\/eventsplanner-ea.cat\/avis-legal\/\"]}]},{\"@type\":\"BreadcrumbList\",\"@id\":\"https:\/\/eventsplanner-ea.cat\/avis-legal\/#breadcrumb\",\"itemListElement\":[{\"@type\":\"ListItem\",\"position\":1,\"name\":\"Home\",\"item\":\"https:\/\/eventsplanner-ea.cat\/\"},{\"@type\":\"ListItem\",\"position\":2,\"name\":\"Av\u00eds Legal\"}]},{\"@type\":\"WebSite\",\"@id\":\"https:\/\/eventsplanner-ea.cat\/#website\",\"url\":\"https:\/\/eventsplanner-ea.cat\/\",\"name\":\"eventsplanner-ea.cat\",\"description\":\"Organitzaci\u00f3 d&#039;esdeveniments \u00fanics i inoblidables\",\"publisher\":{\"@id\":\"https:\/\/eventsplanner-ea.cat\/#organization\"},\"potentialAction\":[{\"@type\":\"SearchAction\",\"target\":{\"@type\":\"EntryPoint\",\"urlTemplate\":\"https:\/\/eventsplanner-ea.cat\/?s={search_term_string}\"},\"query-input\":{\"@type\":\"PropertyValueSpecification\",\"valueRequired\":true,\"valueName\":\"search_term_string\"}}],\"inLanguage\":\"es\"},{\"@type\":\"Organization\",\"@id\":\"https:\/\/eventsplanner-ea.cat\/#organization\",\"name\":\"EVENTS PLANNER by ANSCARI\",\"url\":\"https:\/\/eventsplanner-ea.cat\/\",\"logo\":{\"@type\":\"ImageObject\",\"inLanguage\":\"es\",\"@id\":\"https:\/\/eventsplanner-ea.cat\/#\/schema\/logo\/image\/\",\"url\":\"https:\/\/eventsplanner-ea.cat\/wp-content\/uploads\/2024\/12\/460680458_557146833493421_8241336499703888058_n.jpg\",\"contentUrl\":\"https:\/\/eventsplanner-ea.cat\/wp-content\/uploads\/2024\/12\/460680458_557146833493421_8241336499703888058_n.jpg\",\"width\":717,\"height\":717,\"caption\":\"EVENTS PLANNER by ANSCARI\"},\"image\":{\"@id\":\"https:\/\/eventsplanner-ea.cat\/#\/schema\/logo\/image\/\"},\"sameAs\":[\"https:\/\/www.instagram.com\/eventsplanner_ea\/\"]}]}<\/script>\n<!-- \/ Yoast SEO plugin. -->","yoast_head_json":{"title":"Av\u00eds Legal - Events Planner by Anscari","robots":{"index":"index","follow":"follow","max-snippet":"max-snippet:-1","max-image-preview":"max-image-preview:large","max-video-preview":"max-video-preview:-1"},"canonical":"https:\/\/eventsplanner-ea.cat\/es\/avis-legal\/","og_locale":"es_ES","og_type":"article","og_title":"Av\u00eds Legal - Events Planner by Anscari","og_description":"AV\u00cdS LEGAL En compliment amb el que estableix la Llei 34\/2002 de 11 de Juliol, de Serveis de la Societat de la Informaci\u00f3 i el Comer\u00e7 Electr\u00f2nic (LSSICE), s\u2019informa dels seg\u00fcents aspectes legals: PROPIETAT DEL LLOC WEB Responsable: EVENTS PLANNER by ANSCARI (en endavant, EVENTS PLANNER).NIF: 77916349P.Direcci\u00f3: Cam\u00ed de la Teuleria 11, 4-3, Olot.Tel\u00e8fon: 611 [&hellip;]","og_url":"https:\/\/eventsplanner-ea.cat\/es\/avis-legal\/","og_site_name":"Events Planner by Anscari","article_modified_time":"2024-12-05T11:32:08+00:00","og_image":[{"width":512,"height":512,"url":"https:\/\/eventsplanner-ea.cat\/wp-content\/uploads\/2024\/12\/cropped-460680458_557146833493421_8241336499703888058_n.jpg","type":"image\/jpeg"}],"twitter_card":"summary_large_image","twitter_misc":{"Tiempo de lectura":"3 minutos"},"schema":{"@context":"https:\/\/schema.org","@graph":[{"@type":"WebPage","@id":"https:\/\/eventsplanner-ea.cat\/avis-legal\/","url":"https:\/\/eventsplanner-ea.cat\/avis-legal\/","name":"Av\u00eds Legal - Events Planner by Anscari","isPartOf":{"@id":"https:\/\/eventsplanner-ea.cat\/#website"},"datePublished":"2024-12-05T11:13:14+00:00","dateModified":"2024-12-05T11:32:08+00:00","breadcrumb":{"@id":"https:\/\/eventsplanner-ea.cat\/avis-legal\/#breadcrumb"},"inLanguage":"es","potentialAction":[{"@type":"ReadAction","target":["https:\/\/eventsplanner-ea.cat\/avis-legal\/"]}]},{"@type":"BreadcrumbList","@id":"https:\/\/eventsplanner-ea.cat\/avis-legal\/#breadcrumb","itemListElement":[{"@type":"ListItem","position":1,"name":"Home","item":"https:\/\/eventsplanner-ea.cat\/"},{"@type":"ListItem","position":2,"name":"Av\u00eds Legal"}]},{"@type":"WebSite","@id":"https:\/\/eventsplanner-ea.cat\/#website","url":"https:\/\/eventsplanner-ea.cat\/","name":"eventsplanner-ea.cat","description":"Organitzaci\u00f3 d&#039;esdeveniments \u00fanics i inoblidables","publisher":{"@id":"https:\/\/eventsplanner-ea.cat\/#organization"},"potentialAction":[{"@type":"SearchAction","target":{"@type":"EntryPoint","urlTemplate":"https:\/\/eventsplanner-ea.cat\/?s={search_term_string}"},"query-input":{"@type":"PropertyValueSpecification","valueRequired":true,"valueName":"search_term_string"}}],"inLanguage":"es"},{"@type":"Organization","@id":"https:\/\/eventsplanner-ea.cat\/#organization","name":"EVENTS PLANNER by ANSCARI","url":"https:\/\/eventsplanner-ea.cat\/","logo":{"@type":"ImageObject","inLanguage":"es","@id":"https:\/\/eventsplanner-ea.cat\/#\/schema\/logo\/image\/","url":"https:\/\/eventsplanner-ea.cat\/wp-content\/uploads\/2024\/12\/460680458_557146833493421_8241336499703888058_n.jpg","contentUrl":"https:\/\/eventsplanner-ea.cat\/wp-content\/uploads\/2024\/12\/460680458_557146833493421_8241336499703888058_n.jpg","width":717,"height":717,"caption":"EVENTS PLANNER by ANSCARI"},"image":{"@id":"https:\/\/eventsplanner-ea.cat\/#\/schema\/logo\/image\/"},"sameAs":["https:\/\/www.instagram.com\/eventsplanner_ea\/"]}]}},"_links":{"self":[{"href":"https:\/\/eventsplanner-ea.cat\/es\/wp-json\/wp\/v2\/pages\/2102","targetHints":{"allow":["GET"]}}],"collection":[{"href":"https:\/\/eventsplanner-ea.cat\/es\/wp-json\/wp\/v2\/pages"}],"about":[{"href":"https:\/\/eventsplanner-ea.cat\/es\/wp-json\/wp\/v2\/types\/page"}],"author":[{"embeddable":true,"href":"https:\/\/eventsplanner-ea.cat\/es\/wp-json\/wp\/v2\/users\/1"}],"replies":[{"embeddable":true,"href":"https:\/\/eventsplanner-ea.cat\/es\/wp-json\/wp\/v2\/comments?post=2102"}],"version-history":[{"count":7,"href":"https:\/\/eventsplanner-ea.cat\/es\/wp-json\/wp\/v2\/pages\/2102\/revisions"}],"predecessor-version":[{"id":2113,"href":"https:\/\/eventsplanner-ea.cat\/es\/wp-json\/wp\/v2\/pages\/2102\/revisions\/2113"}],"wp:attachment":[{"href":"https:\/\/eventsplanner-ea.cat\/es\/wp-json\/wp\/v2\/media?parent=2102"}],"curies":[{"name":"wp","href":"https:\/\/api.w.org\/{rel}","templated":true}]}}